{"id":6042,"date":"2024-03-19T15:35:21","date_gmt":"2024-03-19T14:35:21","guid":{"rendered":"http:\/\/fermelesherbesfolles.fr\/?page_id=6042"},"modified":"2024-05-19T22:45:05","modified_gmt":"2024-05-19T20:45:05","slug":"recrutement","status":"publish","type":"page","link":"https:\/\/fermelesherbesfolles.fr\/index.php\/recrutement\/","title":{"rendered":"Rejoindre l&#8217;\u00e9quipe"},"content":{"rendered":"\t\t<div data-elementor-type=\"wp-page\" data-elementor-id=\"6042\" class=\"elementor elementor-6042\">\n\t\t\t\t\t\t<section class=\"elementor-section elementor-top-section elementor-element elementor-element-abd24c4 elementor-section-height-min-height elementor-section-boxed elementor-section-height-default elementor-section-items-middle\" data-id=\"abd24c4\" data-element_type=\"section\" data-e-type=\"section\">\n\t\t\t\t\t\t\t<div class=\"elementor-background-overlay\"><\/div>\n\t\t\t\t\t\t\t<div class=\"elementor-container elementor-column-gap-default\">\n\t\t\t\t\t<div class=\"elementor-column elementor-col-100 elementor-top-column elementor-element elementor-element-1e92488\" data-id=\"1e92488\" data-element_type=\"column\" data-e-type=\"column\">\n\t\t\t<div class=\"elementor-widget-wrap\">\n\t\t\t\t\t\t\t<\/div>\n\t\t<\/div>\n\t\t\t\t\t<\/div>\n\t\t<\/section>\n\t\t\t\t<section class=\"elementor-section elementor-top-section elementor-element elementor-element-6d3f099 elementor-section-boxed elementor-section-height-default elementor-section-height-default\" data-id=\"6d3f099\" data-element_type=\"section\" data-e-type=\"section\" data-settings=\"{&quot;background_background&quot;:&quot;classic&quot;}\">\n\t\t\t\t\t\t\t<div class=\"elementor-background-overlay\"><\/div>\n\t\t\t\t\t\t\t<div class=\"elementor-container elementor-column-gap-default\">\n\t\t\t\t\t<div class=\"elementor-column elementor-col-100 elementor-top-column elementor-element elementor-element-7355a38\" data-id=\"7355a38\" data-element_type=\"column\" data-e-type=\"column\">\n\t\t\t<div class=\"elementor-widget-wrap elementor-element-populated\">\n\t\t\t\t\t\t<div class=\"elementor-element elementor-element-32953ce elementor-widget-divider--view-line_text elementor-widget-divider--element-align-center elementor-widget elementor-widget-divider\" data-id=\"32953ce\" data-element_type=\"widget\" data-e-type=\"widget\" data-widget_type=\"divider.default\">\n\t\t\t\t<div class=\"elementor-widget-container\">\n\t\t\t\t\t\t\t<div class=\"elementor-divider\">\n\t\t\t<span class=\"elementor-divider-separator\">\n\t\t\t\t\t\t\t<span class=\"elementor-divider__text elementor-divider__element\">\n\t\t\t\tREJOINS L'\u00c9QUIPE !\t\t\t\t<\/span>\n\t\t\t\t\t\t<\/span>\n\t\t<\/div>\n\t\t\t\t\t\t<\/div>\n\t\t\t\t<\/div>\n\t\t\t\t<div class=\"elementor-element elementor-element-e825ce7 elementor-widget elementor-widget-text-editor\" data-id=\"e825ce7\" data-element_type=\"widget\" data-e-type=\"widget\" data-widget_type=\"text-editor.default\">\n\t\t\t\t<div class=\"elementor-widget-container\">\n\t\t\t\t\t\t\t\t\t<p>Les Herbes Folles recherche un.e porteur.se de projet mara\u00eechage !<\/p>\t\t\t\t\t\t\t\t<\/div>\n\t\t\t\t<\/div>\n\t\t\t\t\t<\/div>\n\t\t<\/div>\n\t\t\t\t\t<\/div>\n\t\t<\/section>\n\t\t\t\t<section class=\"elementor-section elementor-top-section elementor-element elementor-element-cfe39a0 elementor-section-content-middle elementor-section-boxed elementor-section-height-default elementor-section-height-default\" data-id=\"cfe39a0\" data-element_type=\"section\" data-e-type=\"section\" data-settings=\"{&quot;background_background&quot;:&quot;classic&quot;}\">\n\t\t\t\t\t\t<div class=\"elementor-container elementor-column-gap-wider\">\n\t\t\t\t\t<div class=\"elementor-column elementor-col-50 elementor-top-column elementor-element elementor-element-7fd8bdf\" data-id=\"7fd8bdf\" data-element_type=\"column\" data-e-type=\"column\">\n\t\t\t<div class=\"elementor-widget-wrap elementor-element-populated\">\n\t\t\t\t\t\t<div class=\"elementor-element elementor-element-db7fee1 elementor-widget elementor-widget-image\" data-id=\"db7fee1\" data-element_type=\"widget\" data-e-type=\"widget\" data-widget_type=\"image.default\">\n\t\t\t\t<div class=\"elementor-widget-container\">\n\t\t\t\t\t\t\t\t\t\t\t\t\t\t\t<img fetchpriority=\"high\" decoding=\"async\" width=\"678\" height=\"1024\" src=\"https:\/\/fermelesherbesfolles.fr\/wp-content\/uploads\/2023\/06\/495d4351-2b66-4175-b249-1d79a0f5e6d8-678x1024.jpg\" class=\"attachment-large size-large wp-image-4692\" alt=\"Paysanons Thur\u00e9 les paysanneries en mutation les herbes folles ferme paysanne paysannerie collective \u00e9v\u00e8nement producteurs spectacles cirque tables rondes clown th\u00e9\u00e2tre ateliers jeux en bois buvette cantine d\u00e9sob\u00e9issance fertile habitat l\u00e9ger march\u00e9 de producteurs associations artisans\" srcset=\"https:\/\/fermelesherbesfolles.fr\/wp-content\/uploads\/2023\/06\/495d4351-2b66-4175-b249-1d79a0f5e6d8-678x1024.jpg 678w, https:\/\/fermelesherbesfolles.fr\/wp-content\/uploads\/2023\/06\/495d4351-2b66-4175-b249-1d79a0f5e6d8-199x300.jpg 199w, https:\/\/fermelesherbesfolles.fr\/wp-content\/uploads\/2023\/06\/495d4351-2b66-4175-b249-1d79a0f5e6d8-768x1160.jpg 768w, https:\/\/fermelesherbesfolles.fr\/wp-content\/uploads\/2023\/06\/495d4351-2b66-4175-b249-1d79a0f5e6d8-1017x1536.jpg 1017w, https:\/\/fermelesherbesfolles.fr\/wp-content\/uploads\/2023\/06\/495d4351-2b66-4175-b249-1d79a0f5e6d8.jpg 1059w\" sizes=\"(max-width: 678px) 100vw, 678px\" \/>\t\t\t\t\t\t\t\t\t\t\t\t\t\t\t<\/div>\n\t\t\t\t<\/div>\n\t\t\t\t\t<\/div>\n\t\t<\/div>\n\t\t\t\t<div class=\"elementor-column elementor-col-50 elementor-top-column elementor-element elementor-element-82a96ca\" data-id=\"82a96ca\" data-element_type=\"column\" data-e-type=\"column\">\n\t\t\t<div class=\"elementor-widget-wrap elementor-element-populated\">\n\t\t\t\t\t\t<div class=\"elementor-element elementor-element-7cffaf3 elementor-widget elementor-widget-text-editor\" data-id=\"7cffaf3\" data-element_type=\"widget\" data-e-type=\"widget\" data-widget_type=\"text-editor.default\">\n\t\t\t\t<div class=\"elementor-widget-container\">\n\t\t\t\t\t\t\t\t\t<p>\u00c7a commence \u00e0 se savoir, nous souhaitons mettre en place un nouveau mod\u00e8le \u00e9conomique comprenant une coop\u00e9rative citoyenne paysanne qui r\u00e9unirait des foyers adh\u00e9rents et leur fournirait farine, pain, fruits, l\u00e9gumes et miel de la ferme. Avec un projet comme celui-ci, mieux vaut \u00eatre assez nombreu\u00b7ses !&nbsp;<\/p>\n<p>C&#8217;est pourquoi nous cherchons un\u00b7e nouvelle membre d&#8217;\u00e9quipe qui s&#8217;occupera particuli\u00e8rement du futur atelier mara\u00eechage et nous entamons donc un processus pour \u00e9toffer l&#8217;\u00e9quipe qui va durer toute cette ann\u00e9e 2024.<\/p>\n<p>Alors, n&#8217;h\u00e9site pas \u00e0 partager et surtout \u00e0 candidater \u00e0 notre annonce !<\/p>\t\t\t\t\t\t\t\t<\/div>\n\t\t\t\t<\/div>\n\t\t\t\t\t<\/div>\n\t\t<\/div>\n\t\t\t\t\t<\/div>\n\t\t<\/section>\n\t\t\t\t<section class=\"elementor-section elementor-top-section elementor-element elementor-element-84cae92 elementor-section-boxed elementor-section-height-default elementor-section-height-default\" data-id=\"84cae92\" data-element_type=\"section\" data-e-type=\"section\" data-settings=\"{&quot;background_background&quot;:&quot;classic&quot;}\">\n\t\t\t\t\t\t<div class=\"elementor-container elementor-column-gap-default\">\n\t\t\t\t\t<div class=\"elementor-column elementor-col-33 elementor-top-column elementor-element elementor-element-3700902\" data-id=\"3700902\" data-element_type=\"column\" data-e-type=\"column\">\n\t\t\t<div class=\"elementor-widget-wrap elementor-element-populated\">\n\t\t\t\t\t\t<div class=\"elementor-element elementor-element-c301621 elementor-widget elementor-widget-heading\" data-id=\"c301621\" data-element_type=\"widget\" data-e-type=\"widget\" data-widget_type=\"heading.default\">\n\t\t\t\t<div class=\"elementor-widget-container\">\n\t\t\t\t\t<h2 class=\"elementor-heading-title elementor-size-default\">Informations<\/h2>\t\t\t\t<\/div>\n\t\t\t\t<\/div>\n\t\t\t\t<div class=\"elementor-element elementor-element-8565886 elementor-widget elementor-widget-heading\" data-id=\"8565886\" data-element_type=\"widget\" data-e-type=\"widget\" data-widget_type=\"heading.default\">\n\t\t\t\t<div class=\"elementor-widget-container\">\n\t\t\t\t\t<h2 class=\"elementor-heading-title elementor-size-default\"><a href=\"http:\/\/fermelesherbesfolles.fr\/index.php\/contact-ferme-les-herbes-folles\/\" target=\"_blank\">Contact<\/a><\/h2>\t\t\t\t<\/div>\n\t\t\t\t<\/div>\n\t\t\t\t<div class=\"elementor-element elementor-element-bd7d835 elementor-widget elementor-widget-heading\" data-id=\"bd7d835\" data-element_type=\"widget\" data-e-type=\"widget\" data-widget_type=\"heading.default\">\n\t\t\t\t<div class=\"elementor-widget-container\">\n\t\t\t\t\t<h2 class=\"elementor-heading-title elementor-size-default\"><a href=\"http:\/\/fermelesherbesfolles.fr\/index.php\/points-de-vente\/\" target=\"_blank\">Points de vente<\/a><\/h2>\t\t\t\t<\/div>\n\t\t\t\t<\/div>\n\t\t\t\t<div class=\"elementor-element elementor-element-0543cf8 elementor-widget elementor-widget-heading\" data-id=\"0543cf8\" data-element_type=\"widget\" data-e-type=\"widget\" data-widget_type=\"heading.default\">\n\t\t\t\t<div class=\"elementor-widget-container\">\n\t\t\t\t\t<h2 class=\"elementor-heading-title elementor-size-default\"><a href=\"http:\/\/fermelesherbesfolles.fr\/index.php\/mentions-legales\/\" target=\"_blank\">Mentions l\u00e9gales<\/a><\/h2>\t\t\t\t<\/div>\n\t\t\t\t<\/div>\n\t\t\t\t\t<\/div>\n\t\t<\/div>\n\t\t\t\t<div class=\"elementor-column elementor-col-33 elementor-top-column elementor-element elementor-element-0392b75\" data-id=\"0392b75\" data-element_type=\"column\" data-e-type=\"column\">\n\t\t\t<div class=\"elementor-widget-wrap elementor-element-populated\">\n\t\t\t\t\t\t<div class=\"elementor-element elementor-element-c514d87 elementor-widget elementor-widget-image\" data-id=\"c514d87\" data-element_type=\"widget\" data-e-type=\"widget\" data-widget_type=\"image.default\">\n\t\t\t\t<div class=\"elementor-widget-container\">\n\t\t\t\t\t\t\t\t\t\t\t\t\t\t\t<img decoding=\"async\" width=\"200\" height=\"138\" src=\"https:\/\/fermelesherbesfolles.fr\/wp-content\/uploads\/2022\/10\/Plan-de-travail-1@10x-7.png\" class=\"attachment-large size-large wp-image-4213\" alt=\"\" \/>\t\t\t\t\t\t\t\t\t\t\t\t\t\t\t<\/div>\n\t\t\t\t<\/div>\n\t\t\t\t\t<\/div>\n\t\t<\/div>\n\t\t\t\t<div class=\"elementor-column elementor-col-33 elementor-top-column elementor-element elementor-element-ef5d72f\" data-id=\"ef5d72f\" data-element_type=\"column\" data-e-type=\"column\">\n\t\t\t<div class=\"elementor-widget-wrap elementor-element-populated\">\n\t\t\t\t\t\t<div class=\"elementor-element elementor-element-ea6b643 elementor-widget elementor-widget-heading\" data-id=\"ea6b643\" data-element_type=\"widget\" data-e-type=\"widget\" data-widget_type=\"heading.default\">\n\t\t\t\t<div class=\"elementor-widget-container\">\n\t\t\t\t\t<h2 class=\"elementor-heading-title elementor-size-default\">Suivez-nous<\/h2>\t\t\t\t<\/div>\n\t\t\t\t<\/div>\n\t\t\t\t<div class=\"elementor-element elementor-element-0ad9ec6 elementor-view-default elementor-widget elementor-widget-icon\" data-id=\"0ad9ec6\" data-element_type=\"widget\" data-e-type=\"widget\" data-widget_type=\"icon.default\">\n\t\t\t\t<div class=\"elementor-widget-container\">\n\t\t\t\t\t\t\t<div class=\"elementor-icon-wrapper\">\n\t\t\t<a class=\"elementor-icon\" href=\"https:\/\/www.instagram.com\/fermelesherbesfolles\/\" target=\"_blank\">\n\t\t\t<i aria-hidden=\"true\" class=\"fab fa-instagram\"><\/i>\t\t\t<\/a>\n\t\t<\/div>\n\t\t\t\t\t\t<\/div>\n\t\t\t\t<\/div>\n\t\t\t\t<div class=\"elementor-element elementor-element-500de8c elementor-view-default elementor-widget elementor-widget-icon\" data-id=\"500de8c\" data-element_type=\"widget\" data-e-type=\"widget\" data-widget_type=\"icon.default\">\n\t\t\t\t<div class=\"elementor-widget-container\">\n\t\t\t\t\t\t\t<div class=\"elementor-icon-wrapper\">\n\t\t\t<a class=\"elementor-icon\" href=\"https:\/\/www.facebook.com\/PainPaysan\" target=\"_blank\">\n\t\t\t<i aria-hidden=\"true\" class=\"fab fa-facebook\"><\/i>\t\t\t<\/a>\n\t\t<\/div>\n\t\t\t\t\t\t<\/div>\n\t\t\t\t<\/div>\n\t\t\t\t<div class=\"elementor-element elementor-element-8f004a7 elementor-widget elementor-widget-heading\" data-id=\"8f004a7\" data-element_type=\"widget\" data-e-type=\"widget\" data-widget_type=\"heading.default\">\n\t\t\t\t<div class=\"elementor-widget-container\">\n\t\t\t\t\t<h6 class=\"elementor-heading-title elementor-size-default\">\u00catre inform\u00e9.e des actus<\/h6>\t\t\t\t<\/div>\n\t\t\t\t<\/div>\n\t\t\t\t\t<\/div>\n\t\t<\/div>\n\t\t\t\t\t<\/div>\n\t\t<\/section>\n\t\t\t\t<\/div>\n\t\t","protected":false},"excerpt":{"rendered":"<p>REJOINS L&#8217;\u00c9QUIPE ! Les Herbes Folles recherche un.e porteur.se de projet mara\u00eechage ! \u00c7a commence \u00e0 se savoir, nous souhaitons mettre en place un nouveau mod\u00e8le \u00e9conomique comprenant une coop\u00e9rative citoyenne paysanne qui r\u00e9unirait des foyers adh\u00e9rents et leur fournirait farine, pain, fruits, l\u00e9gumes et miel de la ferme. Avec un projet comme celui-ci, mieux &hellip;<\/p>\n<p class=\"read-more\"> <a class=\"\" href=\"https:\/\/fermelesherbesfolles.fr\/index.php\/recrutement\/\"> <span class=\"screen-reader-text\">Rejoindre l&#8217;\u00e9quipe<\/span> Read More &raquo;<\/a><\/p>\n","protected":false},"author":1,"featured_media":0,"parent":0,"menu_order":0,"comment_status":"closed","ping_status":"closed","template":"","meta":{"site-sidebar-layout":"no-sidebar","site-content-layout":"page-builder","ast-global-header-display":"","ast-main-header-display":"","ast-hfb-above-header-display":"","ast-hfb-below-header-display":"","ast-hfb-mobile-header-display":"","site-post-title":"disabled","ast-breadcrumbs-content":"","ast-featured-img":"disabled","footer-sml-layout":"","theme-transparent-header-meta":"","adv-header-id-meta":"","stick-header-meta":"","header-above-stick-meta":"","header-main-stick-meta":"","header-below-stick-meta":"","footnotes":""},"class_list":["post-6042","page","type-page","status-publish","hentry"],"yoast_head":"<!-- This site is optimized with the Yoast SEO plugin v27.4 - https:\/\/yoast.com\/product\/yoast-seo-wordpress\/ -->\n<title>Rejoindre l&#039;\u00e9quipe<\/title>\n<meta name=\"robots\" content=\"index, follow, max-snippet:-1, max-image-preview:large, max-video-preview:-1\" \/>\n<link rel=\"canonical\" href=\"https:\/\/fermelesherbesfolles.fr\/index.php\/recrutement\/\" \/>\n<meta property=\"og:locale\" content=\"en_US\" \/>\n<meta property=\"og:type\" content=\"article\" \/>\n<meta property=\"og:title\" content=\"Rejoindre l&#039;\u00e9quipe\" \/>\n<meta property=\"og:description\" content=\"REJOINS L&#8217;\u00c9QUIPE ! Les Herbes Folles recherche un.e porteur.se de projet mara\u00eechage ! \u00c7a commence \u00e0 se savoir, nous souhaitons mettre en place un nouveau mod\u00e8le \u00e9conomique comprenant une coop\u00e9rative citoyenne paysanne qui r\u00e9unirait des foyers adh\u00e9rents et leur fournirait farine, pain, fruits, l\u00e9gumes et miel de la ferme. Avec un projet comme celui-ci, mieux &hellip; Rejoindre l&#8217;\u00e9quipe Read More &raquo;\" \/>\n<meta property=\"og:url\" content=\"https:\/\/fermelesherbesfolles.fr\/index.php\/recrutement\/\" \/>\n<meta property=\"article:modified_time\" content=\"2024-05-19T20:45:05+00:00\" \/>\n<meta property=\"og:image\" content=\"http:\/\/fermelesherbesfolles.fr\/wp-content\/uploads\/2023\/06\/495d4351-2b66-4175-b249-1d79a0f5e6d8-678x1024.jpg\" \/>\n<meta name=\"twitter:card\" content=\"summary_large_image\" \/>\n<meta name=\"twitter:label1\" content=\"Est. reading time\" \/>\n\t<meta name=\"twitter:data1\" content=\"1 minute\" \/>\n<script type=\"application\/ld+json\" class=\"yoast-schema-graph\">{\"@context\":\"https:\\\/\\\/schema.org\",\"@graph\":[{\"@type\":\"WebPage\",\"@id\":\"https:\\\/\\\/fermelesherbesfolles.fr\\\/index.php\\\/recrutement\\\/\",\"url\":\"https:\\\/\\\/fermelesherbesfolles.fr\\\/index.php\\\/recrutement\\\/\",\"name\":\"Rejoindre l'\u00e9quipe\",\"isPartOf\":{\"@id\":\"https:\\\/\\\/fermelesherbesfolles.fr\\\/#website\"},\"primaryImageOfPage\":{\"@id\":\"https:\\\/\\\/fermelesherbesfolles.fr\\\/index.php\\\/recrutement\\\/#primaryimage\"},\"image\":{\"@id\":\"https:\\\/\\\/fermelesherbesfolles.fr\\\/index.php\\\/recrutement\\\/#primaryimage\"},\"thumbnailUrl\":\"http:\\\/\\\/fermelesherbesfolles.fr\\\/wp-content\\\/uploads\\\/2023\\\/06\\\/495d4351-2b66-4175-b249-1d79a0f5e6d8-678x1024.jpg\",\"datePublished\":\"2024-03-19T14:35:21+00:00\",\"dateModified\":\"2024-05-19T20:45:05+00:00\",\"breadcrumb\":{\"@id\":\"https:\\\/\\\/fermelesherbesfolles.fr\\\/index.php\\\/recrutement\\\/#breadcrumb\"},\"inLanguage\":\"en-US\",\"potentialAction\":[{\"@type\":\"ReadAction\",\"target\":[\"https:\\\/\\\/fermelesherbesfolles.fr\\\/index.php\\\/recrutement\\\/\"]}]},{\"@type\":\"ImageObject\",\"inLanguage\":\"en-US\",\"@id\":\"https:\\\/\\\/fermelesherbesfolles.fr\\\/index.php\\\/recrutement\\\/#primaryimage\",\"url\":\"https:\\\/\\\/fermelesherbesfolles.fr\\\/wp-content\\\/uploads\\\/2023\\\/06\\\/495d4351-2b66-4175-b249-1d79a0f5e6d8.jpg\",\"contentUrl\":\"https:\\\/\\\/fermelesherbesfolles.fr\\\/wp-content\\\/uploads\\\/2023\\\/06\\\/495d4351-2b66-4175-b249-1d79a0f5e6d8.jpg\",\"width\":1059,\"height\":1600,\"caption\":\"Paysanons Thur\u00e9 les paysanneries en mutation les herbes folles ferme paysanne paysannerie collective \u00e9v\u00e8nement producteurs spectacles cirque tables rondes clown th\u00e9\u00e2tre ateliers jeux en bois buvette cantine d\u00e9sob\u00e9issance fertile habitat l\u00e9ger march\u00e9 de producteurs associations artisans\"},{\"@type\":\"BreadcrumbList\",\"@id\":\"https:\\\/\\\/fermelesherbesfolles.fr\\\/index.php\\\/recrutement\\\/#breadcrumb\",\"itemListElement\":[{\"@type\":\"ListItem\",\"position\":1,\"name\":\"Accueil\",\"item\":\"https:\\\/\\\/fermelesherbesfolles.fr\\\/\"},{\"@type\":\"ListItem\",\"position\":2,\"name\":\"Rejoindre l&#8217;\u00e9quipe\"}]},{\"@type\":\"WebSite\",\"@id\":\"https:\\\/\\\/fermelesherbesfolles.fr\\\/#website\",\"url\":\"https:\\\/\\\/fermelesherbesfolles.fr\\\/\",\"name\":\"\",\"description\":\"\",\"publisher\":{\"@id\":\"https:\\\/\\\/fermelesherbesfolles.fr\\\/#organization\"},\"potentialAction\":[{\"@type\":\"SearchAction\",\"target\":{\"@type\":\"EntryPoint\",\"urlTemplate\":\"https:\\\/\\\/fermelesherbesfolles.fr\\\/?s={search_term_string}\"},\"query-input\":{\"@type\":\"PropertyValueSpecification\",\"valueRequired\":true,\"valueName\":\"search_term_string\"}}],\"inLanguage\":\"en-US\"},{\"@type\":\"Organization\",\"@id\":\"https:\\\/\\\/fermelesherbesfolles.fr\\\/#organization\",\"name\":\"Les Herbes Folles\",\"url\":\"https:\\\/\\\/fermelesherbesfolles.fr\\\/\",\"logo\":{\"@type\":\"ImageObject\",\"inLanguage\":\"en-US\",\"@id\":\"https:\\\/\\\/fermelesherbesfolles.fr\\\/#\\\/schema\\\/logo\\\/image\\\/\",\"url\":\"https:\\\/\\\/fermelesherbesfolles.fr\\\/wp-content\\\/uploads\\\/2022\\\/04\\\/cropped-cropped-logo_final-web_sign-1.png\",\"contentUrl\":\"https:\\\/\\\/fermelesherbesfolles.fr\\\/wp-content\\\/uploads\\\/2022\\\/04\\\/cropped-cropped-logo_final-web_sign-1.png\",\"width\":250,\"height\":160,\"caption\":\"Les Herbes Folles\"},\"image\":{\"@id\":\"https:\\\/\\\/fermelesherbesfolles.fr\\\/#\\\/schema\\\/logo\\\/image\\\/\"}}]}<\/script>\n<!-- \/ Yoast SEO plugin. -->","yoast_head_json":{"title":"Rejoindre l'\u00e9quipe","robots":{"index":"index","follow":"follow","max-snippet":"max-snippet:-1","max-image-preview":"max-image-preview:large","max-video-preview":"max-video-preview:-1"},"canonical":"https:\/\/fermelesherbesfolles.fr\/index.php\/recrutement\/","og_locale":"en_US","og_type":"article","og_title":"Rejoindre l'\u00e9quipe","og_description":"REJOINS L&#8217;\u00c9QUIPE ! Les Herbes Folles recherche un.e porteur.se de projet mara\u00eechage ! \u00c7a commence \u00e0 se savoir, nous souhaitons mettre en place un nouveau mod\u00e8le \u00e9conomique comprenant une coop\u00e9rative citoyenne paysanne qui r\u00e9unirait des foyers adh\u00e9rents et leur fournirait farine, pain, fruits, l\u00e9gumes et miel de la ferme. Avec un projet comme celui-ci, mieux &hellip; Rejoindre l&#8217;\u00e9quipe Read More &raquo;","og_url":"https:\/\/fermelesherbesfolles.fr\/index.php\/recrutement\/","article_modified_time":"2024-05-19T20:45:05+00:00","og_image":[{"url":"http:\/\/fermelesherbesfolles.fr\/wp-content\/uploads\/2023\/06\/495d4351-2b66-4175-b249-1d79a0f5e6d8-678x1024.jpg","type":"","width":"","height":""}],"twitter_card":"summary_large_image","twitter_misc":{"Est. reading time":"1 minute"},"schema":{"@context":"https:\/\/schema.org","@graph":[{"@type":"WebPage","@id":"https:\/\/fermelesherbesfolles.fr\/index.php\/recrutement\/","url":"https:\/\/fermelesherbesfolles.fr\/index.php\/recrutement\/","name":"Rejoindre l'\u00e9quipe","isPartOf":{"@id":"https:\/\/fermelesherbesfolles.fr\/#website"},"primaryImageOfPage":{"@id":"https:\/\/fermelesherbesfolles.fr\/index.php\/recrutement\/#primaryimage"},"image":{"@id":"https:\/\/fermelesherbesfolles.fr\/index.php\/recrutement\/#primaryimage"},"thumbnailUrl":"http:\/\/fermelesherbesfolles.fr\/wp-content\/uploads\/2023\/06\/495d4351-2b66-4175-b249-1d79a0f5e6d8-678x1024.jpg","datePublished":"2024-03-19T14:35:21+00:00","dateModified":"2024-05-19T20:45:05+00:00","breadcrumb":{"@id":"https:\/\/fermelesherbesfolles.fr\/index.php\/recrutement\/#breadcrumb"},"inLanguage":"en-US","potentialAction":[{"@type":"ReadAction","target":["https:\/\/fermelesherbesfolles.fr\/index.php\/recrutement\/"]}]},{"@type":"ImageObject","inLanguage":"en-US","@id":"https:\/\/fermelesherbesfolles.fr\/index.php\/recrutement\/#primaryimage","url":"https:\/\/fermelesherbesfolles.fr\/wp-content\/uploads\/2023\/06\/495d4351-2b66-4175-b249-1d79a0f5e6d8.jpg","contentUrl":"https:\/\/fermelesherbesfolles.fr\/wp-content\/uploads\/2023\/06\/495d4351-2b66-4175-b249-1d79a0f5e6d8.jpg","width":1059,"height":1600,"caption":"Paysanons Thur\u00e9 les paysanneries en mutation les herbes folles ferme paysanne paysannerie collective \u00e9v\u00e8nement producteurs spectacles cirque tables rondes clown th\u00e9\u00e2tre ateliers jeux en bois buvette cantine d\u00e9sob\u00e9issance fertile habitat l\u00e9ger march\u00e9 de producteurs associations artisans"},{"@type":"BreadcrumbList","@id":"https:\/\/fermelesherbesfolles.fr\/index.php\/recrutement\/#breadcrumb","itemListElement":[{"@type":"ListItem","position":1,"name":"Accueil","item":"https:\/\/fermelesherbesfolles.fr\/"},{"@type":"ListItem","position":2,"name":"Rejoindre l&#8217;\u00e9quipe"}]},{"@type":"WebSite","@id":"https:\/\/fermelesherbesfolles.fr\/#website","url":"https:\/\/fermelesherbesfolles.fr\/","name":"","description":"","publisher":{"@id":"https:\/\/fermelesherbesfolles.fr\/#organization"},"potentialAction":[{"@type":"SearchAction","target":{"@type":"EntryPoint","urlTemplate":"https:\/\/fermelesherbesfolles.fr\/?s={search_term_string}"},"query-input":{"@type":"PropertyValueSpecification","valueRequired":true,"valueName":"search_term_string"}}],"inLanguage":"en-US"},{"@type":"Organization","@id":"https:\/\/fermelesherbesfolles.fr\/#organization","name":"Les Herbes Folles","url":"https:\/\/fermelesherbesfolles.fr\/","logo":{"@type":"ImageObject","inLanguage":"en-US","@id":"https:\/\/fermelesherbesfolles.fr\/#\/schema\/logo\/image\/","url":"https:\/\/fermelesherbesfolles.fr\/wp-content\/uploads\/2022\/04\/cropped-cropped-logo_final-web_sign-1.png","contentUrl":"https:\/\/fermelesherbesfolles.fr\/wp-content\/uploads\/2022\/04\/cropped-cropped-logo_final-web_sign-1.png","width":250,"height":160,"caption":"Les Herbes Folles"},"image":{"@id":"https:\/\/fermelesherbesfolles.fr\/#\/schema\/logo\/image\/"}}]}},"_links":{"self":[{"href":"https:\/\/fermelesherbesfolles.fr\/index.php\/wp-json\/wp\/v2\/pages\/6042","targetHints":{"allow":["GET"]}}],"collection":[{"href":"https:\/\/fermelesherbesfolles.fr\/index.php\/wp-json\/wp\/v2\/pages"}],"about":[{"href":"https:\/\/fermelesherbesfolles.fr\/index.php\/wp-json\/wp\/v2\/types\/page"}],"author":[{"embeddable":true,"href":"https:\/\/fermelesherbesfolles.fr\/index.php\/wp-json\/wp\/v2\/users\/1"}],"replies":[{"embeddable":true,"href":"https:\/\/fermelesherbesfolles.fr\/index.php\/wp-json\/wp\/v2\/comments?post=6042"}],"version-history":[{"count":14,"href":"https:\/\/fermelesherbesfolles.fr\/index.php\/wp-json\/wp\/v2\/pages\/6042\/revisions"}],"predecessor-version":[{"id":6232,"href":"https:\/\/fermelesherbesfolles.fr\/index.php\/wp-json\/wp\/v2\/pages\/6042\/revisions\/6232"}],"wp:attachment":[{"href":"https:\/\/fermelesherbesfolles.fr\/index.php\/wp-json\/wp\/v2\/media?parent=6042"}],"curies":[{"name":"wp","href":"https:\/\/api.w.org\/{rel}","templated":true}]}}