{"id":269,"date":"2022-01-17T17:55:25","date_gmt":"2022-01-17T16:55:25","guid":{"rendered":"http:\/\/fermelesherbesfolles.fr\/?page_id=269"},"modified":"2024-04-27T17:43:59","modified_gmt":"2024-04-27T15:43:59","slug":"contact-ferme-les-herbes-folles","status":"publish","type":"page","link":"https:\/\/fermelesherbesfolles.fr\/index.php\/contact-ferme-les-herbes-folles\/","title":{"rendered":"Contact"},"content":{"rendered":"\t\t<div data-elementor-type=\"wp-page\" data-elementor-id=\"269\" class=\"elementor elementor-269\">\n\t\t\t\t\t\t<section class=\"elementor-section elementor-top-section elementor-element elementor-element-6f2e146 elementor-section-full_width elementor-section-height-min-height elementor-section-height-default elementor-section-items-middle\" data-id=\"6f2e146\" data-element_type=\"section\" data-e-type=\"section\">\n\t\t\t\t\t\t\t<div class=\"elementor-background-overlay\"><\/div>\n\t\t\t\t\t\t\t<div class=\"elementor-container elementor-column-gap-default\">\n\t\t\t\t\t<div class=\"elementor-column elementor-col-100 elementor-top-column elementor-element elementor-element-2515cd5\" data-id=\"2515cd5\" data-element_type=\"column\" data-e-type=\"column\">\n\t\t\t<div class=\"elementor-widget-wrap\">\n\t\t\t\t\t\t\t<\/div>\n\t\t<\/div>\n\t\t\t\t\t<\/div>\n\t\t<\/section>\n\t\t\t\t<section class=\"elementor-section elementor-top-section elementor-element elementor-element-d93a442 elementor-section-boxed elementor-section-height-default elementor-section-height-default\" data-id=\"d93a442\" data-element_type=\"section\" data-e-type=\"section\" data-settings=\"{&quot;background_background&quot;:&quot;classic&quot;}\">\n\t\t\t\t\t\t\t<div class=\"elementor-background-overlay\"><\/div>\n\t\t\t\t\t\t\t<div class=\"elementor-container elementor-column-gap-default\">\n\t\t\t\t\t<div class=\"elementor-column elementor-col-100 elementor-top-column elementor-element elementor-element-f1fec3f\" data-id=\"f1fec3f\" data-element_type=\"column\" data-e-type=\"column\">\n\t\t\t<div class=\"elementor-widget-wrap elementor-element-populated\">\n\t\t\t\t\t\t<div class=\"elementor-element elementor-element-eb3a5c2 elementor-widget-divider--view-line_text elementor-widget-divider--element-align-center elementor-widget elementor-widget-divider\" data-id=\"eb3a5c2\" data-element_type=\"widget\" data-e-type=\"widget\" data-widget_type=\"divider.default\">\n\t\t\t\t<div class=\"elementor-widget-container\">\n\t\t\t\t\t\t\t<div class=\"elementor-divider\">\n\t\t\t<span class=\"elementor-divider-separator\">\n\t\t\t\t\t\t\t<span class=\"elementor-divider__text elementor-divider__element\">\n\t\t\t\tCONTACT\t\t\t\t<\/span>\n\t\t\t\t\t\t<\/span>\n\t\t<\/div>\n\t\t\t\t\t\t<\/div>\n\t\t\t\t<\/div>\n\t\t\t\t<div class=\"elementor-element elementor-element-6a82302 elementor-widget elementor-widget-text-editor\" data-id=\"6a82302\" data-element_type=\"widget\" data-e-type=\"widget\" data-widget_type=\"text-editor.default\">\n\t\t\t\t<div class=\"elementor-widget-container\">\n\t\t\t\t\t\t\t\t\t<p><b>Que vous soyez particulier ou professionnel<\/b>, veuillez nous contacter en fonction de l&#8217;atelier qui vous int\u00e9resse.<\/p>\t\t\t\t\t\t\t\t<\/div>\n\t\t\t\t<\/div>\n\t\t\t\t\t<\/div>\n\t\t<\/div>\n\t\t\t\t\t<\/div>\n\t\t<\/section>\n\t\t\t\t<section class=\"elementor-section elementor-top-section elementor-element elementor-element-e7b8972 elementor-section-boxed elementor-section-height-default elementor-section-height-default\" data-id=\"e7b8972\" data-element_type=\"section\" data-e-type=\"section\" data-settings=\"{&quot;background_background&quot;:&quot;classic&quot;}\">\n\t\t\t\t\t\t<div class=\"elementor-container elementor-column-gap-wider\">\n\t\t\t\t\t<div class=\"elementor-column elementor-col-50 elementor-top-column elementor-element elementor-element-5732df0\" data-id=\"5732df0\" data-element_type=\"column\" data-e-type=\"column\">\n\t\t\t<div class=\"elementor-widget-wrap elementor-element-populated\">\n\t\t\t\t\t\t<div class=\"elementor-element elementor-element-5315127 elementor-widget elementor-widget-google_maps\" data-id=\"5315127\" data-element_type=\"widget\" data-e-type=\"widget\" data-widget_type=\"google_maps.default\">\n\t\t\t\t<div class=\"elementor-widget-container\">\n\t\t\t\t\t\t\t<div class=\"elementor-custom-embed\">\n\t\t\t<iframe loading=\"lazy\"\n\t\t\t\t\tsrc=\"https:\/\/maps.google.com\/maps?q=1%20chemin%20des%20foug%C3%A8res%2086540&#038;t=m&#038;z=10&#038;output=embed&#038;iwloc=near\"\n\t\t\t\t\ttitle=\"1 chemin des foug\u00e8res 86540\"\n\t\t\t\t\taria-label=\"1 chemin des foug\u00e8res 86540\"\n\t\t\t><\/iframe>\n\t\t<\/div>\n\t\t\t\t\t\t<\/div>\n\t\t\t\t<\/div>\n\t\t\t\t\t<\/div>\n\t\t<\/div>\n\t\t\t\t<div class=\"elementor-column elementor-col-50 elementor-top-column elementor-element elementor-element-a768158\" data-id=\"a768158\" data-element_type=\"column\" data-e-type=\"column\">\n\t\t\t<div class=\"elementor-widget-wrap elementor-element-populated\">\n\t\t\t\t\t\t<div class=\"elementor-element elementor-element-af9d9e5 elementor-widget elementor-widget-heading\" data-id=\"af9d9e5\" data-element_type=\"widget\" data-e-type=\"widget\" data-widget_type=\"heading.default\">\n\t\t\t\t<div class=\"elementor-widget-container\">\n\t\t\t\t\t<h2 class=\"elementor-heading-title elementor-size-default\">Fournil<\/h2>\t\t\t\t<\/div>\n\t\t\t\t<\/div>\n\t\t\t\t<div class=\"elementor-element elementor-element-604b92c elementor-widget elementor-widget-text-editor\" data-id=\"604b92c\" data-element_type=\"widget\" data-e-type=\"widget\" data-widget_type=\"text-editor.default\">\n\t\t\t\t<div class=\"elementor-widget-container\">\n\t\t\t\t\t\t\t\t\t<p style=\"font-size: 14px; font-style: normal; caret-color: #2c0d0f; color: #2c0d0f;\">Jonathan &#8211; painsherbesfolles@free.fr<\/p><p style=\"font-size: 14px; font-style: normal; caret-color: #2c0d0f; color: #2c0d0f;\">06 78 62 24 79 (uniquement pour commandes de produits)<\/p>\t\t\t\t\t\t\t\t<\/div>\n\t\t\t\t<\/div>\n\t\t\t\t<div class=\"elementor-element elementor-element-06e72e9 elementor-widget elementor-widget-heading\" data-id=\"06e72e9\" data-element_type=\"widget\" data-e-type=\"widget\" data-widget_type=\"heading.default\">\n\t\t\t\t<div class=\"elementor-widget-container\">\n\t\t\t\t\t<h2 class=\"elementor-heading-title elementor-size-default\">C\u00e9r\u00e9ales et meunerie \/ Stage et formation<\/h2>\t\t\t\t<\/div>\n\t\t\t\t<\/div>\n\t\t\t\t<div class=\"elementor-element elementor-element-de490eb elementor-widget elementor-widget-text-editor\" data-id=\"de490eb\" data-element_type=\"widget\" data-e-type=\"widget\" data-widget_type=\"text-editor.default\">\n\t\t\t\t<div class=\"elementor-widget-container\">\n\t\t\t\t\t\t\t\t\t<p style=\"font-size: 14px; font-style: normal; caret-color: #2c0d0f; color: #2c0d0f;\"><span style=\"font-style: inherit;\">Rodolphe &#8211;\u00a0<\/span><span style=\"font-family: var( --e-global-typography-text-font-family ), Sans-serif;\">rodolphe.cornuau@free.fr<\/span><\/p>\t\t\t\t\t\t\t\t<\/div>\n\t\t\t\t<\/div>\n\t\t\t\t<div class=\"elementor-element elementor-element-ec8b7d4 elementor-widget elementor-widget-heading\" data-id=\"ec8b7d4\" data-element_type=\"widget\" data-e-type=\"widget\" data-widget_type=\"heading.default\">\n\t\t\t\t<div class=\"elementor-widget-container\">\n\t\t\t\t\t<h2 class=\"elementor-heading-title elementor-size-default\">Administration<\/h2>\t\t\t\t<\/div>\n\t\t\t\t<\/div>\n\t\t\t\t<div class=\"elementor-element elementor-element-6208d5f elementor-widget elementor-widget-text-editor\" data-id=\"6208d5f\" data-element_type=\"widget\" data-e-type=\"widget\" data-widget_type=\"text-editor.default\">\n\t\t\t\t<div class=\"elementor-widget-container\">\n\t\t\t\t\t\t\t\t\t<p style=\"font-size: 14px; font-style: normal; caret-color: #2c0d0f; color: #2c0d0f;\">Mathieu et Victor &#8211; administration@fermelesherbesfolles.fr<\/p>\t\t\t\t\t\t\t\t<\/div>\n\t\t\t\t<\/div>\n\t\t\t\t<div class=\"elementor-element elementor-element-e8fc53d elementor-widget elementor-widget-heading\" data-id=\"e8fc53d\" data-element_type=\"widget\" data-e-type=\"widget\" data-widget_type=\"heading.default\">\n\t\t\t\t<div class=\"elementor-widget-container\">\n\t\t\t\t\t<h2 class=\"elementor-heading-title elementor-size-default\">Communication<\/h2>\t\t\t\t<\/div>\n\t\t\t\t<\/div>\n\t\t\t\t<div class=\"elementor-element elementor-element-18d60de elementor-widget elementor-widget-text-editor\" data-id=\"18d60de\" data-element_type=\"widget\" data-e-type=\"widget\" data-widget_type=\"text-editor.default\">\n\t\t\t\t<div class=\"elementor-widget-container\">\n\t\t\t\t\t\t\t\t\t<p style=\"font-size: 14px; font-style: normal; caret-color: #2c0d0f; color: #2c0d0f;\">Ninon, Sophie et Fr\u00e9mi &#8211; communication@fermelesherbesfolles.fr<\/p>\t\t\t\t\t\t\t\t<\/div>\n\t\t\t\t<\/div>\n\t\t\t\t<div class=\"elementor-element elementor-element-1facb31 elementor-widget elementor-widget-heading\" data-id=\"1facb31\" data-element_type=\"widget\" data-e-type=\"widget\" data-widget_type=\"heading.default\">\n\t\t\t\t<div class=\"elementor-widget-container\">\n\t\t\t\t\t<h2 class=\"elementor-heading-title elementor-size-default\">Subsistances<\/h2>\t\t\t\t<\/div>\n\t\t\t\t<\/div>\n\t\t\t\t<div class=\"elementor-element elementor-element-16f1660 elementor-widget elementor-widget-text-editor\" data-id=\"16f1660\" data-element_type=\"widget\" data-e-type=\"widget\" data-widget_type=\"text-editor.default\">\n\t\t\t\t<div class=\"elementor-widget-container\">\n\t\t\t\t\t\t\t\t\t<p style=\"font-size: 14px; font-style: normal; caret-color: #2c0d0f; color: #2c0d0f;\">Leeo et Ninon &#8211; subsistances@protonmail.com<\/p>\t\t\t\t\t\t\t\t<\/div>\n\t\t\t\t<\/div>\n\t\t\t\t\t<\/div>\n\t\t<\/div>\n\t\t\t\t\t<\/div>\n\t\t<\/section>\n\t\t\t\t<section class=\"elementor-section elementor-top-section elementor-element elementor-element-30fcc8f elementor-section-boxed elementor-section-height-default elementor-section-height-default\" data-id=\"30fcc8f\" data-element_type=\"section\" data-e-type=\"section\" data-settings=\"{&quot;background_background&quot;:&quot;classic&quot;}\">\n\t\t\t\t\t\t<div class=\"elementor-container elementor-column-gap-default\">\n\t\t\t\t\t<div class=\"elementor-column elementor-col-33 elementor-top-column elementor-element elementor-element-ac08306\" data-id=\"ac08306\" data-element_type=\"column\" data-e-type=\"column\">\n\t\t\t<div class=\"elementor-widget-wrap elementor-element-populated\">\n\t\t\t\t\t\t<div class=\"elementor-element elementor-element-ff98772 elementor-widget elementor-widget-heading\" data-id=\"ff98772\" data-element_type=\"widget\" data-e-type=\"widget\" data-widget_type=\"heading.default\">\n\t\t\t\t<div class=\"elementor-widget-container\">\n\t\t\t\t\t<h2 class=\"elementor-heading-title elementor-size-default\">Informations<\/h2>\t\t\t\t<\/div>\n\t\t\t\t<\/div>\n\t\t\t\t<div class=\"elementor-element elementor-element-83c5d34 elementor-widget elementor-widget-heading\" data-id=\"83c5d34\" data-element_type=\"widget\" data-e-type=\"widget\" data-widget_type=\"heading.default\">\n\t\t\t\t<div class=\"elementor-widget-container\">\n\t\t\t\t\t<h2 class=\"elementor-heading-title elementor-size-default\"><a href=\"http:\/\/fermelesherbesfolles.fr\/index.php\/contact-ferme-les-herbes-folles\/\" target=\"_blank\">Contact<\/a><\/h2>\t\t\t\t<\/div>\n\t\t\t\t<\/div>\n\t\t\t\t<div class=\"elementor-element elementor-element-1355a9e elementor-widget elementor-widget-heading\" data-id=\"1355a9e\" data-element_type=\"widget\" data-e-type=\"widget\" data-widget_type=\"heading.default\">\n\t\t\t\t<div class=\"elementor-widget-container\">\n\t\t\t\t\t<h2 class=\"elementor-heading-title elementor-size-default\"><a href=\"http:\/\/fermelesherbesfolles.fr\/index.php\/points-de-vente\/\" target=\"_blank\">Points de vente<\/a><\/h2>\t\t\t\t<\/div>\n\t\t\t\t<\/div>\n\t\t\t\t<div class=\"elementor-element elementor-element-3a9f67c elementor-widget elementor-widget-heading\" data-id=\"3a9f67c\" data-element_type=\"widget\" data-e-type=\"widget\" data-widget_type=\"heading.default\">\n\t\t\t\t<div class=\"elementor-widget-container\">\n\t\t\t\t\t<h2 class=\"elementor-heading-title elementor-size-default\"><a href=\"http:\/\/fermelesherbesfolles.fr\/index.php\/mentions-legales\/\" target=\"_blank\">Mentions l\u00e9gales<\/a><\/h2>\t\t\t\t<\/div>\n\t\t\t\t<\/div>\n\t\t\t\t\t<\/div>\n\t\t<\/div>\n\t\t\t\t<div class=\"elementor-column elementor-col-33 elementor-top-column elementor-element elementor-element-33bbb7a\" data-id=\"33bbb7a\" data-element_type=\"column\" data-e-type=\"column\">\n\t\t\t<div class=\"elementor-widget-wrap elementor-element-populated\">\n\t\t\t\t\t\t<div class=\"elementor-element elementor-element-d42aeb3 elementor-widget elementor-widget-image\" data-id=\"d42aeb3\" data-element_type=\"widget\" data-e-type=\"widget\" data-widget_type=\"image.default\">\n\t\t\t\t<div class=\"elementor-widget-container\">\n\t\t\t\t\t\t\t\t\t\t\t\t\t\t\t<img decoding=\"async\" width=\"200\" height=\"138\" src=\"https:\/\/fermelesherbesfolles.fr\/wp-content\/uploads\/2022\/10\/Plan-de-travail-1@10x-7.png\" class=\"attachment-large size-large wp-image-4213\" alt=\"\" \/>\t\t\t\t\t\t\t\t\t\t\t\t\t\t\t<\/div>\n\t\t\t\t<\/div>\n\t\t\t\t\t<\/div>\n\t\t<\/div>\n\t\t\t\t<div class=\"elementor-column elementor-col-33 elementor-top-column elementor-element elementor-element-f16c445\" data-id=\"f16c445\" data-element_type=\"column\" data-e-type=\"column\">\n\t\t\t<div class=\"elementor-widget-wrap elementor-element-populated\">\n\t\t\t\t\t\t<div class=\"elementor-element elementor-element-261694f elementor-widget elementor-widget-heading\" data-id=\"261694f\" data-element_type=\"widget\" data-e-type=\"widget\" data-widget_type=\"heading.default\">\n\t\t\t\t<div class=\"elementor-widget-container\">\n\t\t\t\t\t<h2 class=\"elementor-heading-title elementor-size-default\">Suivez-nous<\/h2>\t\t\t\t<\/div>\n\t\t\t\t<\/div>\n\t\t\t\t<div class=\"elementor-element elementor-element-c5ed3fd elementor-view-default elementor-widget elementor-widget-icon\" data-id=\"c5ed3fd\" data-element_type=\"widget\" data-e-type=\"widget\" data-widget_type=\"icon.default\">\n\t\t\t\t<div class=\"elementor-widget-container\">\n\t\t\t\t\t\t\t<div class=\"elementor-icon-wrapper\">\n\t\t\t<a class=\"elementor-icon\" href=\"https:\/\/www.instagram.com\/fermelesherbesfolles\/\" target=\"_blank\">\n\t\t\t<i aria-hidden=\"true\" class=\"fab fa-instagram\"><\/i>\t\t\t<\/a>\n\t\t<\/div>\n\t\t\t\t\t\t<\/div>\n\t\t\t\t<\/div>\n\t\t\t\t<div class=\"elementor-element elementor-element-2822c8d elementor-view-default elementor-widget elementor-widget-icon\" data-id=\"2822c8d\" data-element_type=\"widget\" data-e-type=\"widget\" data-widget_type=\"icon.default\">\n\t\t\t\t<div class=\"elementor-widget-container\">\n\t\t\t\t\t\t\t<div class=\"elementor-icon-wrapper\">\n\t\t\t<a class=\"elementor-icon\" href=\"https:\/\/www.facebook.com\/PainPaysan\" target=\"_blank\">\n\t\t\t<i aria-hidden=\"true\" class=\"fab fa-facebook\"><\/i>\t\t\t<\/a>\n\t\t<\/div>\n\t\t\t\t\t\t<\/div>\n\t\t\t\t<\/div>\n\t\t\t\t<div class=\"elementor-element elementor-element-7981232 elementor-widget elementor-widget-heading\" data-id=\"7981232\" data-element_type=\"widget\" data-e-type=\"widget\" data-widget_type=\"heading.default\">\n\t\t\t\t<div class=\"elementor-widget-container\">\n\t\t\t\t\t<h6 class=\"elementor-heading-title elementor-size-default\">\u00catre inform\u00e9.e des actus<\/h6>\t\t\t\t<\/div>\n\t\t\t\t<\/div>\n\t\t\t\t\t<\/div>\n\t\t<\/div>\n\t\t\t\t\t<\/div>\n\t\t<\/section>\n\t\t\t\t<\/div>\n\t\t","protected":false},"excerpt":{"rendered":"<p>CONTACT Que vous soyez particulier ou professionnel, veuillez nous contacter en fonction de l&#8217;atelier qui vous int\u00e9resse. Fournil Jonathan &#8211; painsherbesfolles@free.fr 06 78 62 24 79 (uniquement pour commandes de produits) C\u00e9r\u00e9ales et meunerie \/ Stage et formation Rodolphe &#8211;\u00a0rodolphe.cornuau@free.fr Administration Mathieu et Victor &#8211; administration@fermelesherbesfolles.fr Communication Ninon, Sophie et Fr\u00e9mi &#8211; communication@fermelesherbesfolles.fr Subsistances Leeo &hellip;<\/p>\n<p class=\"read-more\"> <a class=\"\" href=\"https:\/\/fermelesherbesfolles.fr\/index.php\/contact-ferme-les-herbes-folles\/\"> <span class=\"screen-reader-text\">Contact<\/span> Read More &raquo;<\/a><\/p>\n","protected":false},"author":1,"featured_media":0,"parent":0,"menu_order":0,"comment_status":"closed","ping_status":"closed","template":"","meta":{"site-sidebar-layout":"no-sidebar","site-content-layout":"page-builder","ast-global-header-display":"","ast-main-header-display":"","ast-hfb-above-header-display":"","ast-hfb-below-header-display":"","ast-hfb-mobile-header-display":"","site-post-title":"disabled","ast-breadcrumbs-content":"","ast-featured-img":"disabled","footer-sml-layout":"","theme-transparent-header-meta":"","adv-header-id-meta":"","stick-header-meta":"","header-above-stick-meta":"","header-main-stick-meta":"","header-below-stick-meta":"","footnotes":""},"class_list":["post-269","page","type-page","status-publish","hentry"],"yoast_head":"<!-- This site is optimized with the Yoast SEO plugin v27.4 - https:\/\/yoast.com\/product\/yoast-seo-wordpress\/ -->\n<title>Contact de la ferme<\/title>\n<meta name=\"description\" content=\"Coordonn\u00e9es des Herbes Folles. Ferme paysanne biologique \u00e0 Thur\u00e9. C\u00e9r\u00e9ales, meunerie, fournil et \u00e9levage de porcs.\" \/>\n<meta name=\"robots\" content=\"index, follow, max-snippet:-1, max-image-preview:large, max-video-preview:-1\" \/>\n<link rel=\"canonical\" href=\"https:\/\/fermelesherbesfolles.fr\/index.php\/contact-ferme-les-herbes-folles\/\" \/>\n<meta property=\"og:locale\" content=\"en_US\" \/>\n<meta property=\"og:type\" content=\"article\" \/>\n<meta property=\"og:title\" content=\"Contacter les Herbes Folles\" \/>\n<meta property=\"og:description\" content=\"Que vous soyez particulier ou professionnel, merci de nous contacter en fonction de l&#039;atelier qui vous int\u00e9resse.\" \/>\n<meta property=\"og:url\" content=\"https:\/\/fermelesherbesfolles.fr\/index.php\/contact-ferme-les-herbes-folles\/\" \/>\n<meta property=\"article:modified_time\" content=\"2024-04-27T15:43:59+00:00\" \/>\n<meta name=\"twitter:card\" content=\"summary_large_image\" \/>\n<meta name=\"twitter:title\" content=\"Contacter les Herbes Folles\" \/>\n<meta name=\"twitter:description\" content=\"Que vous soyez particulier ou professionnel, merci de nous contacter en fonction de l&#039;atelier qui vous int\u00e9resse.\" \/>\n<meta name=\"twitter:label1\" content=\"Est. reading time\" \/>\n\t<meta name=\"twitter:data1\" content=\"1 minute\" \/>\n<script type=\"application\/ld+json\" class=\"yoast-schema-graph\">{\"@context\":\"https:\\\/\\\/schema.org\",\"@graph\":[{\"@type\":\"WebPage\",\"@id\":\"https:\\\/\\\/fermelesherbesfolles.fr\\\/index.php\\\/contact-ferme-les-herbes-folles\\\/\",\"url\":\"https:\\\/\\\/fermelesherbesfolles.fr\\\/index.php\\\/contact-ferme-les-herbes-folles\\\/\",\"name\":\"Contact de la ferme\",\"isPartOf\":{\"@id\":\"https:\\\/\\\/fermelesherbesfolles.fr\\\/#website\"},\"primaryImageOfPage\":{\"@id\":\"https:\\\/\\\/fermelesherbesfolles.fr\\\/index.php\\\/contact-ferme-les-herbes-folles\\\/#primaryimage\"},\"image\":{\"@id\":\"https:\\\/\\\/fermelesherbesfolles.fr\\\/index.php\\\/contact-ferme-les-herbes-folles\\\/#primaryimage\"},\"thumbnailUrl\":\"http:\\\/\\\/fermelesherbesfolles.fr\\\/wp-content\\\/uploads\\\/2022\\\/10\\\/Plan-de-travail-1@10x-7.png\",\"datePublished\":\"2022-01-17T16:55:25+00:00\",\"dateModified\":\"2024-04-27T15:43:59+00:00\",\"description\":\"Coordonn\u00e9es des Herbes Folles. Ferme paysanne biologique \u00e0 Thur\u00e9. C\u00e9r\u00e9ales, meunerie, fournil et \u00e9levage de porcs.\",\"breadcrumb\":{\"@id\":\"https:\\\/\\\/fermelesherbesfolles.fr\\\/index.php\\\/contact-ferme-les-herbes-folles\\\/#breadcrumb\"},\"inLanguage\":\"en-US\",\"potentialAction\":[{\"@type\":\"ReadAction\",\"target\":[\"https:\\\/\\\/fermelesherbesfolles.fr\\\/index.php\\\/contact-ferme-les-herbes-folles\\\/\"]}]},{\"@type\":\"ImageObject\",\"inLanguage\":\"en-US\",\"@id\":\"https:\\\/\\\/fermelesherbesfolles.fr\\\/index.php\\\/contact-ferme-les-herbes-folles\\\/#primaryimage\",\"url\":\"https:\\\/\\\/fermelesherbesfolles.fr\\\/wp-content\\\/uploads\\\/2022\\\/10\\\/Plan-de-travail-1@10x-7.png\",\"contentUrl\":\"https:\\\/\\\/fermelesherbesfolles.fr\\\/wp-content\\\/uploads\\\/2022\\\/10\\\/Plan-de-travail-1@10x-7.png\",\"width\":200,\"height\":138},{\"@type\":\"BreadcrumbList\",\"@id\":\"https:\\\/\\\/fermelesherbesfolles.fr\\\/index.php\\\/contact-ferme-les-herbes-folles\\\/#breadcrumb\",\"itemListElement\":[{\"@type\":\"ListItem\",\"position\":1,\"name\":\"Accueil\",\"item\":\"https:\\\/\\\/fermelesherbesfolles.fr\\\/\"},{\"@type\":\"ListItem\",\"position\":2,\"name\":\"Contact\"}]},{\"@type\":\"WebSite\",\"@id\":\"https:\\\/\\\/fermelesherbesfolles.fr\\\/#website\",\"url\":\"https:\\\/\\\/fermelesherbesfolles.fr\\\/\",\"name\":\"\",\"description\":\"\",\"publisher\":{\"@id\":\"https:\\\/\\\/fermelesherbesfolles.fr\\\/#organization\"},\"potentialAction\":[{\"@type\":\"SearchAction\",\"target\":{\"@type\":\"EntryPoint\",\"urlTemplate\":\"https:\\\/\\\/fermelesherbesfolles.fr\\\/?s={search_term_string}\"},\"query-input\":{\"@type\":\"PropertyValueSpecification\",\"valueRequired\":true,\"valueName\":\"search_term_string\"}}],\"inLanguage\":\"en-US\"},{\"@type\":\"Organization\",\"@id\":\"https:\\\/\\\/fermelesherbesfolles.fr\\\/#organization\",\"name\":\"Les Herbes Folles\",\"url\":\"https:\\\/\\\/fermelesherbesfolles.fr\\\/\",\"logo\":{\"@type\":\"ImageObject\",\"inLanguage\":\"en-US\",\"@id\":\"https:\\\/\\\/fermelesherbesfolles.fr\\\/#\\\/schema\\\/logo\\\/image\\\/\",\"url\":\"https:\\\/\\\/fermelesherbesfolles.fr\\\/wp-content\\\/uploads\\\/2022\\\/04\\\/cropped-cropped-logo_final-web_sign-1.png\",\"contentUrl\":\"https:\\\/\\\/fermelesherbesfolles.fr\\\/wp-content\\\/uploads\\\/2022\\\/04\\\/cropped-cropped-logo_final-web_sign-1.png\",\"width\":250,\"height\":160,\"caption\":\"Les Herbes Folles\"},\"image\":{\"@id\":\"https:\\\/\\\/fermelesherbesfolles.fr\\\/#\\\/schema\\\/logo\\\/image\\\/\"}}]}<\/script>\n<!-- \/ Yoast SEO plugin. -->","yoast_head_json":{"title":"Contact de la ferme","description":"Coordonn\u00e9es des Herbes Folles. Ferme paysanne biologique \u00e0 Thur\u00e9. C\u00e9r\u00e9ales, meunerie, fournil et \u00e9levage de porcs.","robots":{"index":"index","follow":"follow","max-snippet":"max-snippet:-1","max-image-preview":"max-image-preview:large","max-video-preview":"max-video-preview:-1"},"canonical":"https:\/\/fermelesherbesfolles.fr\/index.php\/contact-ferme-les-herbes-folles\/","og_locale":"en_US","og_type":"article","og_title":"Contacter les Herbes Folles","og_description":"Que vous soyez particulier ou professionnel, merci de nous contacter en fonction de l'atelier qui vous int\u00e9resse.","og_url":"https:\/\/fermelesherbesfolles.fr\/index.php\/contact-ferme-les-herbes-folles\/","article_modified_time":"2024-04-27T15:43:59+00:00","twitter_card":"summary_large_image","twitter_title":"Contacter les Herbes Folles","twitter_description":"Que vous soyez particulier ou professionnel, merci de nous contacter en fonction de l'atelier qui vous int\u00e9resse.","twitter_misc":{"Est. reading time":"1 minute"},"schema":{"@context":"https:\/\/schema.org","@graph":[{"@type":"WebPage","@id":"https:\/\/fermelesherbesfolles.fr\/index.php\/contact-ferme-les-herbes-folles\/","url":"https:\/\/fermelesherbesfolles.fr\/index.php\/contact-ferme-les-herbes-folles\/","name":"Contact de la ferme","isPartOf":{"@id":"https:\/\/fermelesherbesfolles.fr\/#website"},"primaryImageOfPage":{"@id":"https:\/\/fermelesherbesfolles.fr\/index.php\/contact-ferme-les-herbes-folles\/#primaryimage"},"image":{"@id":"https:\/\/fermelesherbesfolles.fr\/index.php\/contact-ferme-les-herbes-folles\/#primaryimage"},"thumbnailUrl":"http:\/\/fermelesherbesfolles.fr\/wp-content\/uploads\/2022\/10\/Plan-de-travail-1@10x-7.png","datePublished":"2022-01-17T16:55:25+00:00","dateModified":"2024-04-27T15:43:59+00:00","description":"Coordonn\u00e9es des Herbes Folles. Ferme paysanne biologique \u00e0 Thur\u00e9. C\u00e9r\u00e9ales, meunerie, fournil et \u00e9levage de porcs.","breadcrumb":{"@id":"https:\/\/fermelesherbesfolles.fr\/index.php\/contact-ferme-les-herbes-folles\/#breadcrumb"},"inLanguage":"en-US","potentialAction":[{"@type":"ReadAction","target":["https:\/\/fermelesherbesfolles.fr\/index.php\/contact-ferme-les-herbes-folles\/"]}]},{"@type":"ImageObject","inLanguage":"en-US","@id":"https:\/\/fermelesherbesfolles.fr\/index.php\/contact-ferme-les-herbes-folles\/#primaryimage","url":"https:\/\/fermelesherbesfolles.fr\/wp-content\/uploads\/2022\/10\/Plan-de-travail-1@10x-7.png","contentUrl":"https:\/\/fermelesherbesfolles.fr\/wp-content\/uploads\/2022\/10\/Plan-de-travail-1@10x-7.png","width":200,"height":138},{"@type":"BreadcrumbList","@id":"https:\/\/fermelesherbesfolles.fr\/index.php\/contact-ferme-les-herbes-folles\/#breadcrumb","itemListElement":[{"@type":"ListItem","position":1,"name":"Accueil","item":"https:\/\/fermelesherbesfolles.fr\/"},{"@type":"ListItem","position":2,"name":"Contact"}]},{"@type":"WebSite","@id":"https:\/\/fermelesherbesfolles.fr\/#website","url":"https:\/\/fermelesherbesfolles.fr\/","name":"","description":"","publisher":{"@id":"https:\/\/fermelesherbesfolles.fr\/#organization"},"potentialAction":[{"@type":"SearchAction","target":{"@type":"EntryPoint","urlTemplate":"https:\/\/fermelesherbesfolles.fr\/?s={search_term_string}"},"query-input":{"@type":"PropertyValueSpecification","valueRequired":true,"valueName":"search_term_string"}}],"inLanguage":"en-US"},{"@type":"Organization","@id":"https:\/\/fermelesherbesfolles.fr\/#organization","name":"Les Herbes Folles","url":"https:\/\/fermelesherbesfolles.fr\/","logo":{"@type":"ImageObject","inLanguage":"en-US","@id":"https:\/\/fermelesherbesfolles.fr\/#\/schema\/logo\/image\/","url":"https:\/\/fermelesherbesfolles.fr\/wp-content\/uploads\/2022\/04\/cropped-cropped-logo_final-web_sign-1.png","contentUrl":"https:\/\/fermelesherbesfolles.fr\/wp-content\/uploads\/2022\/04\/cropped-cropped-logo_final-web_sign-1.png","width":250,"height":160,"caption":"Les Herbes Folles"},"image":{"@id":"https:\/\/fermelesherbesfolles.fr\/#\/schema\/logo\/image\/"}}]}},"_links":{"self":[{"href":"https:\/\/fermelesherbesfolles.fr\/index.php\/wp-json\/wp\/v2\/pages\/269","targetHints":{"allow":["GET"]}}],"collection":[{"href":"https:\/\/fermelesherbesfolles.fr\/index.php\/wp-json\/wp\/v2\/pages"}],"about":[{"href":"https:\/\/fermelesherbesfolles.fr\/index.php\/wp-json\/wp\/v2\/types\/page"}],"author":[{"embeddable":true,"href":"https:\/\/fermelesherbesfolles.fr\/index.php\/wp-json\/wp\/v2\/users\/1"}],"replies":[{"embeddable":true,"href":"https:\/\/fermelesherbesfolles.fr\/index.php\/wp-json\/wp\/v2\/comments?post=269"}],"version-history":[{"count":261,"href":"https:\/\/fermelesherbesfolles.fr\/index.php\/wp-json\/wp\/v2\/pages\/269\/revisions"}],"predecessor-version":[{"id":6173,"href":"https:\/\/fermelesherbesfolles.fr\/index.php\/wp-json\/wp\/v2\/pages\/269\/revisions\/6173"}],"wp:attachment":[{"href":"https:\/\/fermelesherbesfolles.fr\/index.php\/wp-json\/wp\/v2\/media?parent=269"}],"curies":[{"name":"wp","href":"https:\/\/api.w.org\/{rel}","templated":true}]}}